{"id":284,"date":"2024-06-28T12:45:05","date_gmt":"2024-06-28T12:45:05","guid":{"rendered":"https:\/\/www.larenotierephilately.com\/?post_type=product&#038;p=284"},"modified":"2024-06-28T12:45:11","modified_gmt":"2024-06-28T12:45:11","slug":"asfbcdefghiijklmnooprstuuvyz1234567890","status":"publish","type":"product","link":"https:\/\/www.larenotierephilately.com\/?product=asfbcdefghiijklmnooprstuuvyz1234567890","title":{"rendered":"Asfbcdefgh\u0131ijklmno\u00f6prstu\u00fcvyz1234567890"},"content":{"rendered":"","protected":false},"excerpt":{"rendered":"<p><img loading=\"lazy\" decoding=\"async\" class=\"alignnone size-full wp-image-285\" src=\"https:\/\/www.larenotierephilately.com\/wp-content\/uploads\/2024\/06\/IMG_1697-scaled.jpeg\" alt=\"\" width=\"2009\" height=\"2560\" srcset=\"https:\/\/www.larenotierephilately.com\/wp-content\/uploads\/2024\/06\/IMG_1697-scaled.jpeg 2009w, https:\/\/www.larenotierephilately.com\/wp-content\/uploads\/2024\/06\/IMG_1697-523x666.jpeg 523w, https:\/\/www.larenotierephilately.com\/wp-content\/uploads\/2024\/06\/IMG_1697-768x979.jpeg 768w, https:\/\/www.larenotierephilately.com\/wp-content\/uploads\/2024\/06\/IMG_1697-1205x1536.jpeg 1205w, https:\/\/www.larenotierephilately.com\/wp-content\/uploads\/2024\/06\/IMG_1697-1607x2048.jpeg 1607w, https:\/\/www.larenotierephilately.com\/wp-content\/uploads\/2024\/06\/IMG_1697-600x765.jpeg 600w\" sizes=\"auto, (max-width: 2009px) 100vw, 2009px\" \/><\/p>\n","protected":false},"featured_media":0,"comment_status":"open","ping_status":"closed","template":"","meta":[],"product_cat":[15],"product_tag":[],"class_list":{"0":"post-284","1":"product","2":"type-product","3":"status-publish","5":"product_cat-uncategorized","7":"first","8":"instock","9":"shipping-taxable","10":"product-type-simple"},"_links":{"self":[{"href":"https:\/\/www.larenotierephilately.com\/index.php?rest_route=\/wp\/v2\/product\/284","targetHints":{"allow":["GET"]}}],"collection":[{"href":"https:\/\/www.larenotierephilately.com\/index.php?rest_route=\/wp\/v2\/product"}],"about":[{"href":"https:\/\/www.larenotierephilately.com\/index.php?rest_route=\/wp\/v2\/types\/product"}],"replies":[{"embeddable":true,"href":"https:\/\/www.larenotierephilately.com\/index.php?rest_route=%2Fwp%2Fv2%2Fcomments&post=284"}],"wp:attachment":[{"href":"https:\/\/www.larenotierephilately.com\/index.php?rest_route=%2Fwp%2Fv2%2Fmedia&parent=284"}],"wp:term":[{"taxonomy":"product_cat","embeddable":true,"href":"https:\/\/www.larenotierephilately.com\/index.php?rest_route=%2Fwp%2Fv2%2Fproduct_cat&post=284"},{"taxonomy":"product_tag","embeddable":true,"href":"https:\/\/www.larenotierephilately.com\/index.php?rest_route=%2Fwp%2Fv2%2Fproduct_tag&post=284"}],"curies":[{"name":"wp","href":"https:\/\/api.w.org\/{rel}","templated":true}]}}